{"id":92,"date":"2021-12-16T21:07:27","date_gmt":"2021-12-16T20:07:27","guid":{"rendered":"http:\/\/nfi.fr\/New_NFI\/?page_id=92"},"modified":"2021-12-16T21:07:27","modified_gmt":"2021-12-16T20:07:27","slug":"logiciels-2","status":"publish","type":"page","link":"https:\/\/nfi.fr\/New_NFI\/logiciels-2\/","title":{"rendered":"Logiciels"},"content":{"rendered":"<div id=\"wppb-builder-container\" class=\"wppb-builder-container\">                <div  class=\"wppb-row-parent  wppb-row-1639763855000 \"  >\n\t\t\t\t\t\n\t\t\t\t\t\t\t\t\t\t\n\t\t\t\t\t\t\t\t\t\t\n\t\t\t\t\t<div class=\"wppb-container \">\n\t\t\t\t\t\t\t\t\t\t\t\t\t\n                        <div class=\"wppb-row\">\n\t\t\t\t\t\t\t                                    <div  class=\"wppb-column-parent wppb-column-parent-view wppb-col-1639763854999  \"  >\n                                        <div class=\"wppb-column\">\n\t\t\t\t\t\n\t\t\t\t\t\t\t\t\t\t\t\n                                            <div class=\"wppb-builder-addons\">\n\t\t\t\t\t\t\t\t\t\t\t\t<div class='wppb-builder-addon wppb-widget-1639763877465 wppb-addon-1639763877465'  data-addon-id='1639763877465'><div class='wppb-widget'>\t\t\t<div class=\"textwidget\"><p><em><strong>\u00a0\u00a0\u00a0\u00a0\u00a0\u00a0\u00a0\u00a0\u00a0\u00a0\u00a0\u00a0\u00a0\u00a0\u00a0\u00a0\u00a0\u00a0\u00a0\u00a0\u00a0\u00a0\u00a0\u00a0\u00a0\u00a0\u00a0\u00a0\u00a0\u00a0\u00a0\u00a0\u00a0\u00a0\u00a0\u00a0\u00a0\u00a0\u00a0\u00a0\u00a0\u00a0 NFI vous propose une gamme de logiciels pour vous permette une gestion compl\u00e8te de votre collectivit\u00e9.<\/strong><\/em><\/p>\n<\/div>\n\t\t<\/div><\/div><div class='wppb-builder-addon wppb-widget-1709139356628 wppb-addon-1709139356628'  data-addon-id='1709139356628'><div class='wppb-widget'>\t\t\t<div class=\"textwidget\"><p><em><strong>\u00a0\u00a0\u00a0\u00a0\u00a0\u00a0\u00a0\u00a0\u00a0\u00a0\u00a0\u00a0\u00a0\u00a0\u00a0\u00a0\u00a0\u00a0\u00a0\u00a0\u00a0\u00a0\u00a0\u00a0 <\/strong><\/em>La totalit\u00e9 de notre gamme est con\u00e7ue pour \u00eatre utilis\u00e9e en mode client\/serveur, que ce soit en mode monoposte ou multiposte.<\/p>\n<\/div>\n\t\t<\/div><\/div>                                            <\/div>\n                                        <\/div>\n                                    <\/div>\n\t\t\t\t\t\t\t\t\t                        <\/div>\n\n                    <\/div>\n                <\/div>\n\t\t\t\t                <div  class=\"wppb-row-parent  wppb-row-1639685264514 \"  >\n\t\t\t\t\t\n\t\t\t\t\t\t\t\t\t\t\n\t\t\t\t\t\t\t\t\t\t\n\t\t\t\t\t<div class=\"wppb-container \">\n\t\t\t\t\t\t\t\t\t\t\t\t\t\n                        <div class=\"wppb-row\">\n\t\t\t\t\t\t\t                                    <div  class=\"wppb-column-parent wppb-column-parent-view wppb-col-1639685264510  \"  >\n                                        <div class=\"wppb-column\">\n\t\t\t\t\t\n\t\t\t\t\t\t\t\t\t\t\t\n                                            <div class=\"wppb-builder-addons\">\n\t\t\t\t\t\t\t\t\t\t\t\t<div class='wppb-builder-addon wppb-addon-1639685286335 wppb-wow fadeInDownBig'  data-wow-delay='0ms'  data-wow-duration='ms'  data-addon-id='1639685286335'><div class='wppb-addon'><div class=\"wppb-flip-box-addon\"><div class=\"wppb-flip-box-content rotate_style flip_right flipon-hover\"><div class=\"wppb-flipbox-panel\"><div class=\"wppb-flipbox-front flip-box\"><div class=\"flip-box-inner\"><\/div><\/div><div class=\"wppb-flipbox-back flip-box\"><div class=\"flip-box-inner\"><div class=\"wppb-flip-back-img\"><img decoding=\"async\" src=\"https:\/\/nfi.fr\/New_NFI\/wp-content\/uploads\/2022\/10\/Site-internet-Gestion-financiere-150x150.png\" alt=\"Image\"><\/div><a target=_self href=\"https:\/\/nfi.fr\/New_NFI\/gestion-financiere-2\"  class=\"wppb-back-view-btn\">En savoir plus<\/a><\/div><\/div><\/div><\/div><\/div><\/div><\/div>                                            <\/div>\n                                        <\/div>\n                                    <\/div>\n\t\t\t\t\t\t\t\t\t                                    <div  class=\"wppb-column-parent wppb-column-parent-view wppb-col-1639685264511  \"  >\n                                        <div class=\"wppb-column\">\n\t\t\t\t\t\n\t\t\t\t\t\t\t\t\t\t\t\n                                            <div class=\"wppb-builder-addons\">\n\t\t\t\t\t\t\t\t\t\t\t\t<div class='wppb-builder-addon wppb-addon-1639685290695 wppb-wow fadeInDownBig'  data-wow-delay='500ms'  data-wow-duration='ms'  data-addon-id='1639685290695'><div class='wppb-addon'><div class=\"wppb-flip-box-addon\"><div class=\"wppb-flip-box-content rotate_style flip_right flipon-hover\"><div class=\"wppb-flipbox-panel\"><div class=\"wppb-flipbox-front flip-box\"><div class=\"flip-box-inner\"><\/div><\/div><div class=\"wppb-flipbox-back flip-box\"><div class=\"flip-box-inner\"><div class=\"wppb-flip-back-img\"><img decoding=\"async\" src=\"https:\/\/nfi.fr\/New_NFI\/wp-content\/uploads\/2022\/10\/Site-internet-Paie-et-Ressource-humaine-150x150.png\" alt=\"Image\"><\/div><a target=_self href=\"https:\/\/nfi.fr\/New_NFI\/paie-et-ressource-humaine\"  class=\"wppb-back-view-btn\">En savoir plus<\/a><\/div><\/div><\/div><\/div><\/div><\/div><\/div>                                            <\/div>\n                                        <\/div>\n                                    <\/div>\n\t\t\t\t\t\t\t\t\t                                    <div  class=\"wppb-column-parent wppb-column-parent-view wppb-col-1639685264512  \"  >\n                                        <div class=\"wppb-column\">\n\t\t\t\t\t\n\t\t\t\t\t\t\t\t\t\t\t\n                                            <div class=\"wppb-builder-addons\">\n\t\t\t\t\t\t\t\t\t\t\t\t<div class='wppb-builder-addon wppb-addon-1639685293565 wppb-wow fadeInDownBig'  data-wow-delay='1000ms'  data-wow-duration='ms'  data-addon-id='1639685293565'><div class='wppb-addon'><div class=\"wppb-flip-box-addon\"><div class=\"wppb-flip-box-content rotate_style flip_right flipon-hover\"><div class=\"wppb-flipbox-panel\"><div class=\"wppb-flipbox-front flip-box\"><div class=\"flip-box-inner\"><\/div><\/div><div class=\"wppb-flipbox-back flip-box\"><div class=\"flip-box-inner\"><div class=\"wppb-flip-back-img\"><img decoding=\"async\" src=\"https:\/\/nfi.fr\/New_NFI\/wp-content\/uploads\/2022\/10\/Site-internet-Gestion-des-administres-150x150.png\" alt=\"Image\"><\/div><a target=_self href=\"https:\/\/nfi.fr\/New_NFI\/gestion-des-administres\"  class=\"wppb-back-view-btn\">En savoir plus<\/a><\/div><\/div><\/div><\/div><\/div><\/div><\/div>                                            <\/div>\n                                        <\/div>\n                                    <\/div>\n\t\t\t\t\t\t\t\t\t                                    <div  class=\"wppb-column-parent wppb-column-parent-view wppb-col-1639685264513  \"  >\n                                        <div class=\"wppb-column\">\n\t\t\t\t\t\n\t\t\t\t\t\t\t\t\t\t\t\n                                            <div class=\"wppb-builder-addons\">\n\t\t\t\t\t\t\t\t\t\t\t\t<div class='wppb-builder-addon wppb-addon-1639685296395 wppb-wow fadeInDownBig'  data-wow-delay='1500ms'  data-wow-duration='ms'  data-addon-id='1639685296395'><div class='wppb-addon'><div class=\"wppb-flip-box-addon\"><div class=\"wppb-flip-box-content rotate_style flip_right flipon-hover\"><div class=\"wppb-flipbox-panel\"><div class=\"wppb-flipbox-front flip-box\"><div class=\"flip-box-inner\"><\/div><\/div><div class=\"wppb-flipbox-back flip-box\"><div class=\"flip-box-inner\"><div class=\"wppb-flip-back-img\"><img decoding=\"async\" src=\"https:\/\/nfi.fr\/New_NFI\/wp-content\/uploads\/2022\/10\/Site-internet-Actions-sociales-150x150.png\" alt=\"Image\"><\/div><a target=_self href=\"https:\/\/nfi.fr\/New_NFI\/ccas\/\"  class=\"wppb-back-view-btn\">En savoir plus<\/a><\/div><\/div><\/div><\/div><\/div><\/div><\/div>                                            <\/div>\n                                        <\/div>\n                                    <\/div>\n\t\t\t\t\t\t\t\t\t                        <\/div>\n\n                    <\/div>\n                <\/div>\n\t\t\t\t                <div  class=\"wppb-row-parent  wppb-row-1639685773127 \"  >\n\t\t\t\t\t\n\t\t\t\t\t\t\t\t\t\t\n\t\t\t\t\t\t\t\t\t\t\n\t\t\t\t\t<div class=\"wppb-container \">\n\t\t\t\t\t\t\t\t\t\t\t\t\t\n                        <div class=\"wppb-row\">\n\t\t\t\t\t\t\t                                    <div  class=\"wppb-column-parent wppb-column-parent-view wppb-col-1665558805803  \"  >\n                                        <div class=\"wppb-column\">\n\t\t\t\t\t\n\t\t\t\t\t\t\t\t\t\t\t\n                                            <div class=\"wppb-builder-addons\">\n\t\t\t\t\t\t\t\t\t\t\t\t<div class='wppb-builder-addon wppb-addon-1665558805804 wppb-wow fadeInDownBig'  data-wow-delay='0ms'  data-wow-duration='ms'  data-addon-id='1665558805804'><div class='wppb-addon'><div class=\"wppb-flip-box-addon\"><div class=\"wppb-flip-box-content rotate_style flip_right flipon-hover\"><div class=\"wppb-flipbox-panel\"><div class=\"wppb-flipbox-front flip-box\"><div class=\"flip-box-inner\"><\/div><\/div><div class=\"wppb-flipbox-back flip-box\"><div class=\"flip-box-inner\"><div class=\"wppb-flip-back-img\"><img decoding=\"async\" src=\"https:\/\/nfi.fr\/New_NFI\/wp-content\/uploads\/2022\/10\/Site-internet-Services-Generaux-150x150.png\" alt=\"Image\"><\/div><a target=_self href=\"https:\/\/nfi.fr\/New_NFI\/sevices-generaux\"  class=\"wppb-back-view-btn\">En savoir plus<\/a><\/div><\/div><\/div><\/div><\/div><\/div><\/div>                                            <\/div>\n                                        <\/div>\n                                    <\/div>\n\t\t\t\t\t\t\t\t\t                                    <div  class=\"wppb-column-parent wppb-column-parent-view wppb-col-1639685773124  \"  >\n                                        <div class=\"wppb-column\">\n\t\t\t\t\t\n\t\t\t\t\t\t\t\t\t\t\t\n                                            <div class=\"wppb-builder-addons\">\n\t\t\t\t\t\t\t\t\t\t\t\t<div class='wppb-builder-addon wppb-addon-1639686107895 wppb-wow fadeInDownBig'  data-wow-delay='500ms'  data-wow-duration='ms'  data-addon-id='1639686107895'><div class='wppb-addon'><div class=\"wppb-flip-box-addon\"><div class=\"wppb-flip-box-content rotate_style flip_right flipon-hover\"><div class=\"wppb-flipbox-panel\"><div class=\"wppb-flipbox-front flip-box\"><div class=\"flip-box-inner\"><\/div><\/div><div class=\"wppb-flipbox-back flip-box\"><div class=\"flip-box-inner\"><div class=\"wppb-flip-back-img\"><img decoding=\"async\" src=\"https:\/\/nfi.fr\/New_NFI\/wp-content\/uploads\/2022\/10\/Site-internet-Gestion-services-techniques-150x150.png\" alt=\"Image\"><\/div><a target=_self href=\"https:\/\/nfi.fr\/New_NFI\/gestion-service-technique\"  class=\"wppb-back-view-btn\">En savoir plus<\/a><\/div><\/div><\/div><\/div><\/div><\/div><\/div>                                            <\/div>\n                                        <\/div>\n                                    <\/div>\n\t\t\t\t\t\t\t\t\t                                    <div  class=\"wppb-column-parent wppb-column-parent-view wppb-col-1639685773125  \"  >\n                                        <div class=\"wppb-column\">\n\t\t\t\t\t\n\t\t\t\t\t\t\t\t\t\t\t\n                                            <div class=\"wppb-builder-addons\">\n\t\t\t\t\t\t\t\t\t\t\t\t<div class='wppb-builder-addon wppb-addon-1639686110532 wppb-wow fadeInDownBig'  data-wow-delay='1000ms'  data-wow-duration='ms'  data-addon-id='1639686110532'><div class='wppb-addon'><div class=\"wppb-flip-box-addon\"><div class=\"wppb-flip-box-content rotate_style flip_right flipon-hover\"><div class=\"wppb-flipbox-panel\"><div class=\"wppb-flipbox-front flip-box\"><div class=\"flip-box-inner\"><\/div><\/div><div class=\"wppb-flipbox-back flip-box\"><div class=\"flip-box-inner\"><div class=\"wppb-flip-back-img\"><img decoding=\"async\" src=\"https:\/\/nfi.fr\/New_NFI\/wp-content\/uploads\/2023\/03\/Site-internet-Mediateque-1-150x150.png\" alt=\"Image\"><\/div><a target=_self href=\"https:\/\/nfi.fr\/New_NFI\/mediatheque\"  class=\"wppb-back-view-btn\">En savoir plus<\/a><\/div><\/div><\/div><\/div><\/div><\/div><\/div>                                            <\/div>\n                                        <\/div>\n                                    <\/div>\n\t\t\t\t\t\t\t\t\t                                    <div  class=\"wppb-column-parent wppb-column-parent-view wppb-col-1639685773126  \"  >\n                                        <div class=\"wppb-column\">\n\t\t\t\t\t\n\t\t\t\t\t\t\t\t\t\t\t\n                                            <div class=\"wppb-builder-addons\">\n\t\t\t\t\t\t\t\t\t\t\t\t<div class='wppb-builder-addon wppb-addon-1639686114354 wppb-wow fadeInDownBig'  data-wow-delay='1500ms'  data-wow-duration='ms'  data-addon-id='1639686114354'><div class='wppb-addon'><div class=\"wppb-flip-box-addon\"><div class=\"wppb-flip-box-content rotate_style flip_right flipon-hover\"><div class=\"wppb-flipbox-panel\"><div class=\"wppb-flipbox-front flip-box\"><div class=\"flip-box-inner\"><\/div><\/div><div class=\"wppb-flipbox-back flip-box\"><div class=\"flip-box-inner\"><div class=\"wppb-flip-back-img\"><img decoding=\"async\" src=\"https:\/\/nfi.fr\/New_NFI\/wp-content\/uploads\/2022\/10\/Site-internet-portail-citoyens-1-150x150.png\" alt=\"Image\"><\/div><a target=_self href=\"https:\/\/nfi.fr\/New_NFI\/portail-famille-2\/\"  class=\"wppb-back-view-btn\">En savoir plus<\/a><\/div><\/div><\/div><\/div><\/div><\/div><\/div>                                            <\/div>\n                                        <\/div>\n                                    <\/div>\n\t\t\t\t\t\t\t\t\t                        <\/div>\n\n                    <\/div>\n                <\/div>\n\t\t\t\t<\/div>","protected":false},"excerpt":{"rendered":"<p>\u00a0\u00a0\u00a0\u00a0\u00a0\u00a0\u00a0\u00a0\u00a0\u00a0\u00a0\u00a0\u00a0\u00a0\u00a0\u00a0\u00a0\u00a0\u00a0\u00a0\u00a0\u00a0\u00a0\u00a0\u00a0\u00a0\u00a0\u00a0\u00a0\u00a0\u00a0\u00a0\u00a0\u00a0\u00a0\u00a0\u00a0\u00a0\u00a0\u00a0\u00a0\u00a0 NFI vous propose une gamme de logiciels pour vous permette une gestion compl\u00e8te de votre collectivit\u00e9. \u00a0\u00a0\u00a0\u00a0\u00a0\u00a0\u00a0\u00a0\u00a0\u00a0\u00a0\u00a0\u00a0\u00a0\u00a0\u00a0\u00a0\u00a0\u00a0\u00a0\u00a0\u00a0\u00a0\u00a0 La totalit\u00e9 de notre gamme est con\u00e7ue pour \u00eatre utilis\u00e9e en mode client\/serveur, que ce soit en mode monoposte ou multiposte. En savoir plus En savoir plus En savoir plus En savoir plus En savoir plus En [&hellip;]<\/p>\n","protected":false},"author":1,"featured_media":0,"parent":0,"menu_order":0,"comment_status":"closed","ping_status":"closed","template":"","meta":{"footnotes":""},"class_list":["post-92","page","type-page","status-publish","hentry"],"_links":{"self":[{"href":"https:\/\/nfi.fr\/New_NFI\/wp-json\/wp\/v2\/pages\/92","targetHints":{"allow":["GET"]}}],"collection":[{"href":"https:\/\/nfi.fr\/New_NFI\/wp-json\/wp\/v2\/pages"}],"about":[{"href":"https:\/\/nfi.fr\/New_NFI\/wp-json\/wp\/v2\/types\/page"}],"author":[{"embeddable":true,"href":"https:\/\/nfi.fr\/New_NFI\/wp-json\/wp\/v2\/users\/1"}],"replies":[{"embeddable":true,"href":"https:\/\/nfi.fr\/New_NFI\/wp-json\/wp\/v2\/comments?post=92"}],"version-history":[{"count":1,"href":"https:\/\/nfi.fr\/New_NFI\/wp-json\/wp\/v2\/pages\/92\/revisions"}],"predecessor-version":[{"id":93,"href":"https:\/\/nfi.fr\/New_NFI\/wp-json\/wp\/v2\/pages\/92\/revisions\/93"}],"wp:attachment":[{"href":"https:\/\/nfi.fr\/New_NFI\/wp-json\/wp\/v2\/media?parent=92"}],"curies":[{"name":"wp","href":"https:\/\/api.w.org\/{rel}","templated":true}]}}