{"id":57,"date":"2021-12-16T20:59:19","date_gmt":"2021-12-16T19:59:19","guid":{"rendered":"http:\/\/nfi.fr\/New_NFI\/?page_id=57"},"modified":"2021-12-17T21:41:12","modified_gmt":"2021-12-17T20:41:12","slug":"contact","status":"publish","type":"page","link":"https:\/\/nfi.fr\/New_NFI\/contact\/","title":{"rendered":"Contact"},"content":{"rendered":"<div id=\"wppb-builder-container\" class=\"wppb-builder-container\">                <div  class=\"wppb-row-parent  wppb-row-1641724469384 \"  >\n\t\t\t\t\t\n\t\t\t\t\t\t\t\t\t\t\n\t\t\t\t\t\t\t\t\t\t\n\t\t\t\t\t<div class=\"wppb-container \">\n\t\t\t\t\t\t\t\t\t\t\t\t\t\n                        <div class=\"wppb-row\">\n\t\t\t\t\t\t\t                                    <div  class=\"wppb-column-parent wppb-column-parent-view wppb-col-1641724469409  \"  >\n                                        <div class=\"wppb-column\">\n\t\t\t\t\t\n\t\t\t\t\t\t\t\t\t\t\t\n                                            <div class=\"wppb-builder-addons\">\n\t\t\t\t\t\t\t\t\t\t\t\t<div class='wppb-builder-addon wppb-addon-1641724469410'  data-addon-id='1641724469410'><div class='wppb-addon'><div class=\"wppb-text-block-addon\"><div class=\"wppb-text-block-content 0\"><h3 style=\"text-align: center\"><strong>contactez nous en remplissant le formulaire ci-dessous.<\/strong><\/h3><\/div><\/div><\/div><\/div>                                            <\/div>\n                                        <\/div>\n                                    <\/div>\n\t\t\t\t\t\t\t\t\t                        <\/div>\n\n                    <\/div>\n                <\/div>\n\t\t\t\t                <div  class=\"wppb-row-parent  wppb-row-1641724469178 \"  >\n\t\t\t\t\t\n\t\t\t\t\t\t\t\t\t\t\n\t\t\t\t\t\t\t\t\t\t\n\t\t\t\t\t<div class=\"wppb-container \">\n\t\t\t\t\t\t\t\t\t\t\t\t\t\n                        <div class=\"wppb-row\">\n\t\t\t\t\t\t\t                                    <div  class=\"wppb-column-parent wppb-column-parent-view wppb-col-1641724469176  \"  >\n                                        <div class=\"wppb-column\">\n\t\t\t\t\t\n\t\t\t\t\t\t\t\t\t\t\t\n                                            <div class=\"wppb-builder-addons\">\n\t\t\t\t\t\t\t\t\t\t\t\t<div class='wppb-builder-addon wppb-addon-1641724555593'  data-addon-id='1641724555593'><div class='wppb-addon'><div class=\"wppb-global-form-addon\"><div class=\"wppb-global-form-content  wppb-textarea-disbale-0\">            <form method=\"post\" enctype=\"multipart\/form-data\" class=\"wppb-form-addon\" data-form-id=\"1641724555593\">\r\n\t\t\t\t<input type=\"hidden\" id=\"wppb_form_nonce_field\" name=\"wppb_form_nonce_field\" value=\"4abb17a6a2\" \/><input type=\"hidden\" name=\"_wp_http_referer\" value=\"\/New_NFI\/wp-json\/wp\/v2\/pages\/57\" \/>                <input type=\"hidden\" name=\"wppb_form_data\" value=\"{&quot;addon_id&quot;:1641724555593,&quot;page_id&quot;:57}\">\r\n                <div class=\"wppb-form-msg\"><\/div>\r\n                <div class=\"wppb-form-field-item-wrap\">\r\n\t\t\t\t\t                        <div class=\"wppb-form-field-repeat repeater-0\">\r\n                            <div class=\"wppb-form-field-wrap\">\r\n\t\t\t\t\t\t\t\t\t\t\t\t\t\t\t\t\t<label class=\"wppb-form-field-label\">Nom<span class='require-sign'>*<\/span><\/label>\r\n\t\t\t\t\t\t\t\t\t\t\t\t\t\t\t\t\t\t\t\t\t\t\t\t\t \n<span class=\"wppb-form-field-item wppb-form-field-input\">\n    <input type=\"text\" name=\"wppb_default_form[0]\"  data-required=\"true\" data-label=\"Nom\"  >\n<\/span>\t\t\t\t\t\t\t\t                            <\/div>\r\n                        <\/div>\r\n\t\t\t\t\t\t                        <div class=\"wppb-form-field-repeat repeater-1\">\r\n                            <div class=\"wppb-form-field-wrap\">\r\n\t\t\t\t\t\t\t\t\t\t\t\t\t\t\t\t\t<label class=\"wppb-form-field-label\">Pr\u00e9nom<span class='require-sign'>*<\/span><\/label>\r\n\t\t\t\t\t\t\t\t\t\t\t\t\t\t\t\t\t\t\t\t\t\t\t\t\t \n<span class=\"wppb-form-field-item wppb-form-field-input\">\n    <input type=\"text\" name=\"wppb_default_form[1]\"  data-required=\"true\" data-label=\"Pr\u00e9nom\"  >\n<\/span>\t\t\t\t\t\t\t\t                            <\/div>\r\n                        <\/div>\r\n\t\t\t\t\t\t                        <div class=\"wppb-form-field-repeat repeater-2\">\r\n                            <div class=\"wppb-form-field-wrap\">\r\n\t\t\t\t\t\t\t\t\t\t\t\t\t\t\t\t\t<label class=\"wppb-form-field-label\">Email<span class='require-sign'>*<\/span><\/label>\r\n\t\t\t\t\t\t\t\t\t\t\t\t\t\t\t\t\t\t\t\t\t\t\t\t\t\n<span class=\"wppb-form-field-item wppb-form-field-email\">\n    <input type=\"email\" name=\"wppb_default_form[2]\"  data-required=\"true\" data-label=\"Email\" >\n<\/span>\t\t\t\t\t\t\t\t                            <\/div>\r\n                        <\/div>\r\n\t\t\t\t\t\t                        <div class=\"wppb-form-field-repeat repeater-3\">\r\n                            <div class=\"wppb-form-field-wrap\">\r\n\t\t\t\t\t\t\t\t\t\t\t\t\t\t\t\t\t<label class=\"wppb-form-field-label\">Sujet<span class='require-sign'>*<\/span><\/label>\r\n\t\t\t\t\t\t\t\t\t\t\t\t\t\t\t\t\t\t\t\t\t\t\t\t\t \n<span class=\"wppb-form-field-item wppb-form-field-input\">\n    <input type=\"text\" name=\"wppb_default_form[3]\"  data-required=\"true\" data-label=\"Sujet\"  >\n<\/span>\t\t\t\t\t\t\t\t                            <\/div>\r\n                        <\/div>\r\n\t\t\t\t\t\t                        <div class=\"wppb-form-field-repeat repeater-4\">\r\n                            <div class=\"wppb-form-field-wrap\">\r\n\t\t\t\t\t\t\t\t\t\t\t\t\t\t\t\t\t<label class=\"wppb-form-field-label\">Votre message<span class='require-sign'>*<\/span><\/label>\r\n\t\t\t\t\t\t\t\t\t\t\t\t\t\t\t\t\t\t\t\t\t\t\t\t\t<span class=\"wppb-form-field-item wppb-form-field-textarea\">\n    <textarea name=\"wppb_default_form[4]\"  data-required=\"true\" data-label=\"Votre message\"  ><\/textarea>\n<\/span>\t\t\t\t\t\t\t\t                            <\/div>\r\n                        <\/div>\r\n\t\t\t\t\t\t                <\/div>\r\n\r\n\t\t\t\t\r\n\t\t\t\t                    <div class=\"wppb-form-google-recaptcha google_recaptcha_wrap\">\r\n                        <div class=\"g-recaptcha\" data-sitekey=\"6Le_Sv8dAAAAABBkLvWYPsocRGVsANJOmF7btNmL\"><\/div>\r\n                    <\/div>\r\n\t\t\t\t\t\r\n\t\t\t\t\r\n                <div class=\"wppb_form_addon_submit_btn_wrap wppb-form-btn-wrap\">\r\n                    <button class=\"wppb-btn-forms wppb_form_addon_submit  wppb-btn-no\" type=\"submit\"> <i class=\"fas fa-mail-bulk\"><\/i> <span>Envoyer<\/span> <\/button>\r\n                <\/div>\r\n\r\n                <div class=\"wppb_form_response\"><\/div>\r\n            <\/form>\r\n\r\n\t\t\t<\/div><\/div><\/div><\/div>                                            <\/div>\n                                        <\/div>\n                                    <\/div>\n\t\t\t\t\t\t\t\t\t                                    <div  class=\"wppb-column-parent wppb-column-parent-view wppb-col-1641724469177  \"  >\n                                        <div class=\"wppb-column\">\n\t\t\t\t\t\n\t\t\t\t\t\t\t\t\t\t\t\n                                            <div class=\"wppb-builder-addons\">\n\t\t\t\t\t\t\t\t\t\t\t\t<div class='wppb-builder-addon wppb-addon-1641725032320'  data-addon-id='1641725032320'><div class='wppb-addon'><div class=\"wppb-text-block-addon\"><div class=\"wppb-text-block-content 0\"><p class=\"archive-module\">Nos services sont disponibles au <b>03.20.79.72.04 <\/b>du\u00a0:<\/p><p class=\"archive-module\">Lundi au jeudi:<\/p><p class=\"archive-module\"><b>8h30 \u00e0 12h45 et de 14h00 \u00e0 18h00.<\/b><\/p><p class=\"archive-module\">Le vendredi:<\/p><p class=\"archive-module\"><b>8h45 \u00e0 12h00 et de 14h00 \u00e0 15h45.<\/b><\/p><p class=\"archive-module\">Et le 2\u00e8me samedi de chaque mois:<\/p><p class=\"archive-module\"><b>9h00 \u00e0 12h00.<\/b><\/p><\/div><\/div><\/div><\/div>                                            <\/div>\n                                        <\/div>\n                                    <\/div>\n\t\t\t\t\t\t\t\t\t                        <\/div>\n\n                    <\/div>\n                <\/div>\n\t\t\t\t                <div  class=\"wppb-row-parent  wppb-row-1641724469372 \"  >\n\t\t\t\t\t\n\t\t\t\t\t\t\t\t\t\t\n\t\t\t\t\t\t\t\t\t\t\n\t\t\t\t\t<div class=\"wppb-container \">\n\t\t\t\t\t\t\t\t\t\t\t\t\t\n                        <div class=\"wppb-row\">\n\t\t\t\t\t\t\t                                    <div  class=\"wppb-column-parent wppb-column-parent-view wppb-col-1641724469371  \"  >\n                                        <div class=\"wppb-column\">\n\t\t\t\t\t\n\t\t\t\t\t\t\t\t\t\t\t\n                                            <div class=\"wppb-builder-addons\">\n\t\t\t\t\t\t\t\t\t\t\t\t<div class='wppb-builder-addon wppb-addon-1641725056483'  data-addon-id='1641725056483'><div class='wppb-addon'><div class=\"wppb-raw-html-addon\"><div class=\"wppb-raw-html-content\"><iframe loading=\"lazy\" src=\"https:\/\/www.google.com\/maps\/embed?pb=!1m18!1m12!1m3!1d2536.968662646874!2d3.2936351159131756!3d50.51614989050939!2m3!1f0!2f0!3f0!3m2!1i1024!2i768!4f13.1!3m3!1m2!1s0x47c2dc644cabf097%3A0x4d1112faeffd47da!2sNord%20France%20Informatique!5e0!3m2!1sfr!2sfr!4v1641725069000!5m2!1sfr!2sfr\" width=\"600\" height=\"450\" allowfullscreen=\"\"><\/iframe><\/div><\/div><\/div><\/div>                                            <\/div>\n                                        <\/div>\n                                    <\/div>\n\t\t\t\t\t\t\t\t\t                        <\/div>\n\n                    <\/div>\n                <\/div>\n\t\t\t\t<\/div>","protected":false},"excerpt":{"rendered":"<p>contactez nous en remplissant le formulaire ci-dessous. Nom* Pr\u00e9nom* Email* Sujet* Votre message* Envoyer Nos services sont disponibles au 03.20.79.72.04 du\u00a0:Lundi au jeudi:8h30 \u00e0 12h45 et de 14h00 \u00e0 18h00.Le vendredi:8h45 \u00e0 12h00 et de 14h00 \u00e0 15h45.Et le 2\u00e8me samedi de chaque mois:9h00 \u00e0 12h00.<\/p>\n","protected":false},"author":1,"featured_media":0,"parent":0,"menu_order":0,"comment_status":"closed","ping_status":"closed","template":"","meta":{"footnotes":""},"class_list":["post-57","page","type-page","status-publish","hentry"],"_links":{"self":[{"href":"https:\/\/nfi.fr\/New_NFI\/wp-json\/wp\/v2\/pages\/57","targetHints":{"allow":["GET"]}}],"collection":[{"href":"https:\/\/nfi.fr\/New_NFI\/wp-json\/wp\/v2\/pages"}],"about":[{"href":"https:\/\/nfi.fr\/New_NFI\/wp-json\/wp\/v2\/types\/page"}],"author":[{"embeddable":true,"href":"https:\/\/nfi.fr\/New_NFI\/wp-json\/wp\/v2\/users\/1"}],"replies":[{"embeddable":true,"href":"https:\/\/nfi.fr\/New_NFI\/wp-json\/wp\/v2\/comments?post=57"}],"version-history":[{"count":1,"href":"https:\/\/nfi.fr\/New_NFI\/wp-json\/wp\/v2\/pages\/57\/revisions"}],"predecessor-version":[{"id":62,"href":"https:\/\/nfi.fr\/New_NFI\/wp-json\/wp\/v2\/pages\/57\/revisions\/62"}],"wp:attachment":[{"href":"https:\/\/nfi.fr\/New_NFI\/wp-json\/wp\/v2\/media?parent=57"}],"curies":[{"name":"wp","href":"https:\/\/api.w.org\/{rel}","templated":true}]}}