{"id":143,"date":"2021-12-17T19:11:13","date_gmt":"2021-12-17T18:11:13","guid":{"rendered":"http:\/\/nfi.fr\/New_NFI\/?page_id=143"},"modified":"2021-12-17T19:11:13","modified_gmt":"2021-12-17T18:11:13","slug":"mediatheque","status":"publish","type":"page","link":"https:\/\/nfi.fr\/New_NFI\/mediatheque\/","title":{"rendered":"M\u00e9diath\u00e8que"},"content":{"rendered":"<div id=\"wppb-builder-container\" class=\"wppb-builder-container\">                <div  class=\"wppb-row-parent  wppb-row-1639764721681 \"  >\n\t\t\t\t\t\n\t\t\t\t\t\t\t\t\t\t\n\t\t\t\t\t\t\t\t\t\t\n\t\t\t\t\t<div class=\"wppb-container \">\n\t\t\t\t\t\t\t\t\t\t\t\t\t\n                        <div class=\"wppb-row\">\n\t\t\t\t\t\t\t                                    <div  class=\"wppb-column-parent wppb-column-parent-view wppb-col-1639764721680  \"  >\n                                        <div class=\"wppb-column\">\n\t\t\t\t\t\n\t\t\t\t\t\t\t\t\t\t\t\n                                            <div class=\"wppb-builder-addons\">\n\t\t\t\t\t\t\t\t\t\t\t\t<div class='wppb-builder-addon wppb-addon-1639764727639'  data-addon-id='1639764727639'><div class='wppb-addon'><div class=\"wppb-addon wppb-button-addon\"><div class=\"wppb-button-addon-content\"><a  href=\"http:\/\/nfi.fr\/New_NFI\/logiciels-2\" target=_self class=\"wppb-btn-addons  wppb-btn-success wppb-btn-rounded wppb-btn-large wppb-btn-no\">Retour<\/a><\/div><\/div><\/div><\/div>                                            <\/div>\n                                        <\/div>\n                                    <\/div>\n\t\t\t\t\t\t\t\t\t                        <\/div>\n\n                    <\/div>\n                <\/div>\n\t\t\t\t                <div  class=\"wppb-row-parent  wppb-row-1639764721702 \"  >\n\t\t\t\t\t\n\t\t\t\t\t\t\t\t\t\t\n\t\t\t\t\t\t\t\t\t\t\n\t\t\t\t\t<div class=\"wppb-container \">\n\t\t\t\t\t\t\t\t\t\t\t\t\t\n                        <div class=\"wppb-row\">\n\t\t\t\t\t\t\t                                    <div  class=\"wppb-column-parent wppb-column-parent-view wppb-col-1639764721700  \"  >\n                                        <div class=\"wppb-column\">\n\t\t\t\t\t\n\t\t\t\t\t\t\t\t\t\t\t\n                                            <div class=\"wppb-builder-addons\">\n\t\t\t\t\t\t\t\t\t\t\t\t<div class='wppb-builder-addon wppb-addon-1639764750264'  data-addon-id='1639764750264'><div class='wppb-addon'><div class=\"wppb-image-addon\"><figure class=\"wppb-image-addon-content-wrap\"><div class=\"wppb-image-addon-content wppb-imginlineblock\"><img decoding=\"async\" class=\"wppb-image-addon-img\" src=\"http:\/\/nfi.fr\/New_NFI\/wp-content\/uploads\/2021\/12\/Mediatheques-1.png\" alt=\"Image\"><\/div><\/figure><\/div><\/div><\/div>                                            <\/div>\n                                        <\/div>\n                                    <\/div>\n\t\t\t\t\t\t\t\t\t                                    <div  class=\"wppb-column-parent wppb-column-parent-view wppb-col-1639764721701  \"  >\n                                        <div class=\"wppb-column\">\n\t\t\t\t\t\n\t\t\t\t\t\t\t\t\t\t\t\n                                            <div class=\"wppb-builder-addons\">\n\t\t\t\t\t\t\t\t\t\t\t\t<div class='wppb-builder-addon wppb-widget-1639764759958 wppb-addon-1639764759958'  data-addon-id='1639764759958'><div class='wppb-widget'>\t\t\t<div class=\"textwidget\"><ul>\n<li>Gestion des lecteurs jusqu&#8217;\u00e0 9 999 lecteurs<\/li>\n<li>Gestion des cotisations et des droits d&#8217;emprunts<\/li>\n<li>Gestion des notices et des exemplaires jusqu&#8217;\u00e0 999 999 documents<\/li>\n<li>Catalogage Z39.50 pour une r\u00e9cup\u00e9ration totalement automatique des notices bibliographiques<\/li>\n<li>Gestion des p\u00e9riodiques avec bulletinage et d\u00e9pouillement<\/li>\n<li>Gestion des listes d&#8217;autorit\u00e9s<\/li>\n<li>Gestion des pr\u00eats, retours et r\u00e9servations<\/li>\n<li>Gestion des retards : cotisations, documents hors d\u00e9lais<\/li>\n<li>Gestion des d\u00e9p\u00f4ts entre biblioth\u00e8ques et des d\u00e9p\u00f4ts de la BDP<\/li>\n<li>Gestion des communications avec les lecteurs par courrier papier ou \u00e9lectronique<\/li>\n<li>Recherche documentaire simple, multi-crit\u00e8res et multi-champs<\/li>\n<li>Statistiques et rapports annuels automatiques<\/li>\n<li>Editions d&#8217;\u00e9tats et d&#8217;\u00e9tiquettes<\/li>\n<\/ul>\n<\/div>\n\t\t<\/div><\/div>                                            <\/div>\n                                        <\/div>\n                                    <\/div>\n\t\t\t\t\t\t\t\t\t                        <\/div>\n\n                    <\/div>\n                <\/div>\n\t\t\t\t<\/div>","protected":false},"excerpt":{"rendered":"<p>Retour Gestion des lecteurs jusqu&#8217;\u00e0 9 999 lecteurs Gestion des cotisations et des droits d&#8217;emprunts Gestion des notices et des exemplaires jusqu&#8217;\u00e0 999 999 documents Catalogage Z39.50 pour une r\u00e9cup\u00e9ration totalement automatique des notices bibliographiques Gestion des p\u00e9riodiques avec bulletinage et d\u00e9pouillement Gestion des listes d&#8217;autorit\u00e9s Gestion des pr\u00eats, retours et r\u00e9servations Gestion des retards [&hellip;]<\/p>\n","protected":false},"author":1,"featured_media":0,"parent":0,"menu_order":0,"comment_status":"closed","ping_status":"closed","template":"","meta":{"footnotes":""},"class_list":["post-143","page","type-page","status-publish","hentry"],"_links":{"self":[{"href":"https:\/\/nfi.fr\/New_NFI\/wp-json\/wp\/v2\/pages\/143","targetHints":{"allow":["GET"]}}],"collection":[{"href":"https:\/\/nfi.fr\/New_NFI\/wp-json\/wp\/v2\/pages"}],"about":[{"href":"https:\/\/nfi.fr\/New_NFI\/wp-json\/wp\/v2\/types\/page"}],"author":[{"embeddable":true,"href":"https:\/\/nfi.fr\/New_NFI\/wp-json\/wp\/v2\/users\/1"}],"replies":[{"embeddable":true,"href":"https:\/\/nfi.fr\/New_NFI\/wp-json\/wp\/v2\/comments?post=143"}],"version-history":[{"count":1,"href":"https:\/\/nfi.fr\/New_NFI\/wp-json\/wp\/v2\/pages\/143\/revisions"}],"predecessor-version":[{"id":144,"href":"https:\/\/nfi.fr\/New_NFI\/wp-json\/wp\/v2\/pages\/143\/revisions\/144"}],"wp:attachment":[{"href":"https:\/\/nfi.fr\/New_NFI\/wp-json\/wp\/v2\/media?parent=143"}],"curies":[{"name":"wp","href":"https:\/\/api.w.org\/{rel}","templated":true}]}}