{"id":137,"date":"2021-12-17T19:07:33","date_gmt":"2021-12-17T18:07:33","guid":{"rendered":"http:\/\/nfi.fr\/New_NFI\/?page_id=137"},"modified":"2021-12-17T19:07:33","modified_gmt":"2021-12-17T18:07:33","slug":"ccas","status":"publish","type":"page","link":"https:\/\/nfi.fr\/New_NFI\/ccas\/","title":{"rendered":"CCAS"},"content":{"rendered":"<div id=\"wppb-builder-container\" class=\"wppb-builder-container\">                <div  class=\"wppb-row-parent  wppb-row-1639764469932 \"  >\n\t\t\t\t\t\n\t\t\t\t\t\t\t\t\t\t\n\t\t\t\t\t\t\t\t\t\t\n\t\t\t\t\t<div class=\"wppb-container \">\n\t\t\t\t\t\t\t\t\t\t\t\t\t\n                        <div class=\"wppb-row\">\n\t\t\t\t\t\t\t                                    <div  class=\"wppb-column-parent wppb-column-parent-view wppb-col-1639764469931  \"  >\n                                        <div class=\"wppb-column\">\n\t\t\t\t\t\n\t\t\t\t\t\t\t\t\t\t\t\n                                            <div class=\"wppb-builder-addons\">\n\t\t\t\t\t\t\t\t\t\t\t\t<div class='wppb-builder-addon wppb-addon-1639764475202'  data-addon-id='1639764475202'><div class='wppb-addon'><div class=\"wppb-addon wppb-button-addon\"><div class=\"wppb-button-addon-content\"><a  href=\"http:\/\/nfi.fr\/New_NFI\/logiciels-2\" target=_self class=\"wppb-btn-addons  wppb-btn-success wppb-btn-rounded wppb-btn-large wppb-btn-no\">Retour<\/a><\/div><\/div><\/div><\/div>                                            <\/div>\n                                        <\/div>\n                                    <\/div>\n\t\t\t\t\t\t\t\t\t                        <\/div>\n\n                    <\/div>\n                <\/div>\n\t\t\t\t                <div  class=\"wppb-row-parent  wppb-row-1639764469953 \"  >\n\t\t\t\t\t\n\t\t\t\t\t\t\t\t\t\t\n\t\t\t\t\t\t\t\t\t\t\n\t\t\t\t\t<div class=\"wppb-container \">\n\t\t\t\t\t\t\t\t\t\t\t\t\t\n                        <div class=\"wppb-row\">\n\t\t\t\t\t\t\t                                    <div  class=\"wppb-column-parent wppb-column-parent-view wppb-col-1639764469951  \"  >\n                                        <div class=\"wppb-column\">\n\t\t\t\t\t\n\t\t\t\t\t\t\t\t\t\t\t\n                                            <div class=\"wppb-builder-addons\">\n\t\t\t\t\t\t\t\t\t\t\t\t<div class='wppb-builder-addon wppb-addon-1639764499751'  data-addon-id='1639764499751'><div class='wppb-addon'><div class=\"wppb-image-addon\"><figure class=\"wppb-image-addon-content-wrap\"><div class=\"wppb-image-addon-content wppb-imginlineblock\"><img decoding=\"async\" class=\"wppb-image-addon-img\" src=\"http:\/\/nfi.fr\/New_NFI\/wp-content\/uploads\/2021\/12\/Gestion-action-sociale.jpg\" alt=\"Image\"><\/div><\/figure><\/div><\/div><\/div>                                            <\/div>\n                                        <\/div>\n                                    <\/div>\n\t\t\t\t\t\t\t\t\t                                    <div  class=\"wppb-column-parent wppb-column-parent-view wppb-col-1639764469952  \"  >\n                                        <div class=\"wppb-column\">\n\t\t\t\t\t\n\t\t\t\t\t\t\t\t\t\t\t\n                                            <div class=\"wppb-builder-addons\">\n\t\t\t\t\t\t\t\t\t\t\t\t<div class='wppb-builder-addon wppb-widget-1639764511207 wppb-addon-1639764511207'  data-addon-id='1639764511207'><div class='wppb-widget'>\t\t\t<div class=\"textwidget\"><ul>\n<li>Modules int\u00e9grables en fonction des besoins<\/li>\n<li>Aide l\u00e9gale, aide facultative, R.S.A., CASU, FSL \u2026<\/li>\n<li>R\u00e9sidences pour personnes \u00e2g\u00e9es<\/li>\n<li>Psu<\/li>\n<\/ul>\n<\/div>\n\t\t<\/div><\/div>                                            <\/div>\n                                        <\/div>\n                                    <\/div>\n\t\t\t\t\t\t\t\t\t                        <\/div>\n\n                    <\/div>\n                <\/div>\n\t\t\t\t<\/div>","protected":false},"excerpt":{"rendered":"<p>Retour Modules int\u00e9grables en fonction des besoins Aide l\u00e9gale, aide facultative, R.S.A., CASU, FSL \u2026 R\u00e9sidences pour personnes \u00e2g\u00e9es Psu<\/p>\n","protected":false},"author":1,"featured_media":0,"parent":0,"menu_order":0,"comment_status":"closed","ping_status":"closed","template":"","meta":{"footnotes":""},"class_list":["post-137","page","type-page","status-publish","hentry"],"_links":{"self":[{"href":"https:\/\/nfi.fr\/New_NFI\/wp-json\/wp\/v2\/pages\/137","targetHints":{"allow":["GET"]}}],"collection":[{"href":"https:\/\/nfi.fr\/New_NFI\/wp-json\/wp\/v2\/pages"}],"about":[{"href":"https:\/\/nfi.fr\/New_NFI\/wp-json\/wp\/v2\/types\/page"}],"author":[{"embeddable":true,"href":"https:\/\/nfi.fr\/New_NFI\/wp-json\/wp\/v2\/users\/1"}],"replies":[{"embeddable":true,"href":"https:\/\/nfi.fr\/New_NFI\/wp-json\/wp\/v2\/comments?post=137"}],"version-history":[{"count":1,"href":"https:\/\/nfi.fr\/New_NFI\/wp-json\/wp\/v2\/pages\/137\/revisions"}],"predecessor-version":[{"id":138,"href":"https:\/\/nfi.fr\/New_NFI\/wp-json\/wp\/v2\/pages\/137\/revisions\/138"}],"wp:attachment":[{"href":"https:\/\/nfi.fr\/New_NFI\/wp-json\/wp\/v2\/media?parent=137"}],"curies":[{"name":"wp","href":"https:\/\/api.w.org\/{rel}","templated":true}]}}