{"id":133,"date":"2021-12-17T19:06:06","date_gmt":"2021-12-17T18:06:06","guid":{"rendered":"http:\/\/nfi.fr\/New_NFI\/?page_id=133"},"modified":"2021-12-17T19:06:06","modified_gmt":"2021-12-17T18:06:06","slug":"gestion-des-administres","status":"publish","type":"page","link":"https:\/\/nfi.fr\/New_NFI\/gestion-des-administres\/","title":{"rendered":"Gestion des administr\u00e9s"},"content":{"rendered":"<div id=\"wppb-builder-container\" class=\"wppb-builder-container\">                <div  class=\"wppb-row-parent  wppb-row-1639764383234 \"  >\n\t\t\t\t\t\n\t\t\t\t\t\t\t\t\t\t\n\t\t\t\t\t\t\t\t\t\t\n\t\t\t\t\t<div class=\"wppb-container \">\n\t\t\t\t\t\t\t\t\t\t\t\t\t\n                        <div class=\"wppb-row\">\n\t\t\t\t\t\t\t                                    <div  class=\"wppb-column-parent wppb-column-parent-view wppb-col-1639764383233  \"  >\n                                        <div class=\"wppb-column\">\n\t\t\t\t\t\n\t\t\t\t\t\t\t\t\t\t\t\n                                            <div class=\"wppb-builder-addons\">\n\t\t\t\t\t\t\t\t\t\t\t\t<div class='wppb-builder-addon wppb-addon-1639764390109'  data-addon-id='1639764390109'><div class='wppb-addon'><div class=\"wppb-addon wppb-button-addon\"><div class=\"wppb-button-addon-content\"><a  href=\"http:\/\/nfi.fr\/New_NFI\/logiciels-2\" target=_self class=\"wppb-btn-addons  wppb-btn-success wppb-btn-rounded wppb-btn-large wppb-btn-no\">Retour<\/a><\/div><\/div><\/div><\/div>                                            <\/div>\n                                        <\/div>\n                                    <\/div>\n\t\t\t\t\t\t\t\t\t                        <\/div>\n\n                    <\/div>\n                <\/div>\n\t\t\t\t                <div  class=\"wppb-row-parent  wppb-row-1639764383255 \"  >\n\t\t\t\t\t\n\t\t\t\t\t\t\t\t\t\t\n\t\t\t\t\t\t\t\t\t\t\n\t\t\t\t\t<div class=\"wppb-container \">\n\t\t\t\t\t\t\t\t\t\t\t\t\t\n                        <div class=\"wppb-row\">\n\t\t\t\t\t\t\t                                    <div  class=\"wppb-column-parent wppb-column-parent-view wppb-col-1639764383253  \"  >\n                                        <div class=\"wppb-column\">\n\t\t\t\t\t\n\t\t\t\t\t\t\t\t\t\t\t\n                                            <div class=\"wppb-builder-addons\">\n\t\t\t\t\t\t\t\t\t\t\t\t<div class='wppb-builder-addon wppb-addon-1668526868191'  data-addon-id='1668526868191'><div class='wppb-addon'><div class=\"wppb-headline-addon\"><div class=\"wppb-headline-content\"><h2 class=\"wppb-addon-title\"><\/h2><\/div><\/div><\/div><\/div><div class='wppb-builder-addon wppb-addon-1639764418450'  data-addon-id='1639764418450'><div class='wppb-addon'><div class=\"wppb-image-addon\"><figure class=\"wppb-image-addon-content-wrap\"><div class=\"wppb-image-addon-content wppb-imginlineblock\"><img decoding=\"async\" class=\"wppb-image-addon-img\" src=\"http:\/\/nfi.fr\/New_NFI\/wp-content\/uploads\/2021\/12\/Gestion_des_administres.png\" alt=\"Image\"><\/div><\/figure><\/div><\/div><\/div>                                            <\/div>\n                                        <\/div>\n                                    <\/div>\n\t\t\t\t\t\t\t\t\t                                    <div  class=\"wppb-column-parent wppb-column-parent-view wppb-col-1639764383254  \"  >\n                                        <div class=\"wppb-column\">\n\t\t\t\t\t\n\t\t\t\t\t\t\t\t\t\t\t\n                                            <div class=\"wppb-builder-addons\">\n\t\t\t\t\t\t\t\t\t\t\t\t<div class='wppb-builder-addon wppb-widget-1639764435739 wppb-addon-1639764435739'  data-addon-id='1639764435739'><div class='wppb-widget'>\t\t\t<div class=\"textwidget\"><ul>\n<li>Gestion du fichier \u00e9lectoral en liaison avec le R.E.U.<\/li>\n<li>Base Population<\/li>\n<li>Etat-civil en conformit\u00e9 avec l\u2019I.G.R.E.C.<\/li>\n<li>Module l\u2019int\u00e9gration des registres num\u00e9ris\u00e9s<\/li>\n<li>Liaisons DGI et INSEE<\/li>\n<li>Prise en charge du parrainage civil<\/li>\n<li>Conformit\u00e9 avec le Mariage pour Tous<\/li>\n<li>Recensement militaire et export conforme au protocole PECOTO demand\u00e9 par le Centre du Service National.<\/li>\n<li>Gestion \u00e9lectronique de documents (passeports, CNI, \u2026)<\/li>\n<li>Gestion des cimeti\u00e8res communaux avec interface graphique<\/li>\n<li>Possibilit\u00e9 de num\u00e9riser son cimeti\u00e8re<\/li>\n<li>Localisation d\u2019un inhum\u00e9 et g\u00e9o-positionnement de la recherche<\/li>\n<li>Gestion des travaux sur les concessions<\/li>\n<li>Prise en compte du jardin des souvenirs, colombarium, ossuaire \u2026<\/li>\n<\/ul>\n<\/div>\n\t\t<\/div><\/div>                                            <\/div>\n                                        <\/div>\n                                    <\/div>\n\t\t\t\t\t\t\t\t\t                        <\/div>\n\n                    <\/div>\n                <\/div>\n\t\t\t\t<\/div>","protected":false},"excerpt":{"rendered":"<p>Retour Gestion du fichier \u00e9lectoral en liaison avec le R.E.U. Base Population Etat-civil en conformit\u00e9 avec l\u2019I.G.R.E.C. Module l\u2019int\u00e9gration des registres num\u00e9ris\u00e9s Liaisons DGI et INSEE Prise en charge du parrainage civil Conformit\u00e9 avec le Mariage pour Tous Recensement militaire et export conforme au protocole PECOTO demand\u00e9 par le Centre du Service National. Gestion \u00e9lectronique [&hellip;]<\/p>\n","protected":false},"author":1,"featured_media":0,"parent":0,"menu_order":0,"comment_status":"closed","ping_status":"closed","template":"","meta":{"footnotes":""},"class_list":["post-133","page","type-page","status-publish","hentry"],"_links":{"self":[{"href":"https:\/\/nfi.fr\/New_NFI\/wp-json\/wp\/v2\/pages\/133","targetHints":{"allow":["GET"]}}],"collection":[{"href":"https:\/\/nfi.fr\/New_NFI\/wp-json\/wp\/v2\/pages"}],"about":[{"href":"https:\/\/nfi.fr\/New_NFI\/wp-json\/wp\/v2\/types\/page"}],"author":[{"embeddable":true,"href":"https:\/\/nfi.fr\/New_NFI\/wp-json\/wp\/v2\/users\/1"}],"replies":[{"embeddable":true,"href":"https:\/\/nfi.fr\/New_NFI\/wp-json\/wp\/v2\/comments?post=133"}],"version-history":[{"count":1,"href":"https:\/\/nfi.fr\/New_NFI\/wp-json\/wp\/v2\/pages\/133\/revisions"}],"predecessor-version":[{"id":134,"href":"https:\/\/nfi.fr\/New_NFI\/wp-json\/wp\/v2\/pages\/133\/revisions\/134"}],"wp:attachment":[{"href":"https:\/\/nfi.fr\/New_NFI\/wp-json\/wp\/v2\/media?parent=133"}],"curies":[{"name":"wp","href":"https:\/\/api.w.org\/{rel}","templated":true}]}}