{"id":131,"date":"2021-12-17T19:03:17","date_gmt":"2021-12-17T18:03:17","guid":{"rendered":"http:\/\/nfi.fr\/New_NFI\/?page_id=131"},"modified":"2021-12-17T19:03:17","modified_gmt":"2021-12-17T18:03:17","slug":"paie-et-ressource-humaine","status":"publish","type":"page","link":"https:\/\/nfi.fr\/New_NFI\/paie-et-ressource-humaine\/","title":{"rendered":"Paie et ressource humaine"},"content":{"rendered":"<div id=\"wppb-builder-container\" class=\"wppb-builder-container\">                <div  class=\"wppb-row-parent  wppb-row-1639764214581 \"  >\n\t\t\t\t\t\n\t\t\t\t\t\t\t\t\t\t\n\t\t\t\t\t\t\t\t\t\t\n\t\t\t\t\t<div class=\"wppb-container \">\n\t\t\t\t\t\t\t\t\t\t\t\t\t\n                        <div class=\"wppb-row\">\n\t\t\t\t\t\t\t                                    <div  class=\"wppb-column-parent wppb-column-parent-view wppb-col-1639764214580  \"  >\n                                        <div class=\"wppb-column\">\n\t\t\t\t\t\n\t\t\t\t\t\t\t\t\t\t\t\n                                            <div class=\"wppb-builder-addons\">\n\t\t\t\t\t\t\t\t\t\t\t\t<div class='wppb-builder-addon wppb-addon-1639764227505'  data-addon-id='1639764227505'><div class='wppb-addon'><div class=\"wppb-addon wppb-button-addon\"><div class=\"wppb-button-addon-content\"><a  href=\"http:\/\/nfi.fr\/New_NFI\/logiciels-2\" target=_self class=\"wppb-btn-addons  wppb-btn-success wppb-btn-rounded wppb-btn-large wppb-btn-no\">Retour<\/a><\/div><\/div><\/div><\/div>                                            <\/div>\n                                        <\/div>\n                                    <\/div>\n\t\t\t\t\t\t\t\t\t                        <\/div>\n\n                    <\/div>\n                <\/div>\n\t\t\t\t                <div  class=\"wppb-row-parent  wppb-row-1639764214588 \"  >\n\t\t\t\t\t\n\t\t\t\t\t\t\t\t\t\t\n\t\t\t\t\t\t\t\t\t\t\n\t\t\t\t\t<div class=\"wppb-container \">\n\t\t\t\t\t\t\t\t\t\t\t\t\t\n                        <div class=\"wppb-row\">\n\t\t\t\t\t\t\t                                    <div  class=\"wppb-column-parent wppb-column-parent-view wppb-col-1639764214586  \"  >\n                                        <div class=\"wppb-column\">\n\t\t\t\t\t\n\t\t\t\t\t\t\t\t\t\t\t\n                                            <div class=\"wppb-builder-addons\">\n\t\t\t\t\t\t\t\t\t\t\t\t<div class='wppb-builder-addon wppb-widget-1668526473830 wppb-addon-1668526473830'  data-addon-id='1668526473830'><div class='wppb-widget'>\t\t\t<div class=\"textwidget\"><p>&nbsp;<\/p>\n<p>&nbsp;<\/p>\n<\/div>\n\t\t<\/div><\/div><div class='wppb-builder-addon wppb-addon-1639764235302'  data-addon-id='1639764235302'><div class='wppb-addon'><div class=\"wppb-image-addon\"><figure class=\"wppb-image-addon-content-wrap\"><div class=\"wppb-image-addon-content wppb-imginlineblock\"><img decoding=\"async\" class=\"wppb-image-addon-img\" src=\"http:\/\/nfi.fr\/New_NFI\/wp-content\/uploads\/2021\/12\/Gestion_des_RH_1.png\" alt=\"Image\"><\/div><\/figure><\/div><\/div><\/div>                                            <\/div>\n                                        <\/div>\n                                    <\/div>\n\t\t\t\t\t\t\t\t\t                                    <div  class=\"wppb-column-parent wppb-column-parent-view wppb-col-1639764214587  \"  >\n                                        <div class=\"wppb-column\">\n\t\t\t\t\t\n\t\t\t\t\t\t\t\t\t\t\t\n                                            <div class=\"wppb-builder-addons\">\n\t\t\t\t\t\t\t\t\t\t\t\t<div class='wppb-builder-addon wppb-widget-1639764250448 wppb-addon-1639764250448'  data-addon-id='1639764250448'><div class='wppb-widget'>\t\t\t<div class=\"textwidget\"><ul>\n<li>Fourniture des plans de paie et indemnit\u00e9s<\/li>\n<li>Calcul des rappels en automatique<\/li>\n<li>Gestion des ressources humaines (avancements d\u2019\u00e9chelons et de grades)<\/li>\n<li>Gestion des absences, cong\u00e9s annuels, cong\u00e9s de formation ou exceptionnels<\/li>\n<li>Formation professionnelle des agents<\/li>\n<li>Visites m\u00e9dicales<\/li>\n<li>Horaires des agents<\/li>\n<li>Historique du dossier (pour dossier de retraite)<\/li>\n<li>Simulation de paie<\/li>\n<li>DSN<\/li>\n<li>Messagerie interne<\/li>\n<li>Liaison automatique avec la comptabilit\u00e9 NFI<\/li>\n<li>Traitement des paies par lots possible<\/li>\n<li>Bordereau URSSAF, Etat Fond de Solidarit\u00e9 \u2026<\/li>\n<li>D\u00e9mat\u00e9rialisation des bulletins<\/li>\n<li>Analyse budg\u00e9taire<\/li>\n<li>Mise \u00e0 jour des nomenclatures, des grades, \u00e9chelons, indices automatiques<\/li>\n<li>Archivage des bulletins<\/li>\n<li>Coffre fort num\u00e9rique<\/li>\n<\/ul>\n<\/div>\n\t\t<\/div><\/div>                                            <\/div>\n                                        <\/div>\n                                    <\/div>\n\t\t\t\t\t\t\t\t\t                        <\/div>\n\n                    <\/div>\n                <\/div>\n\t\t\t\t<\/div>","protected":false},"excerpt":{"rendered":"<p>Retour &nbsp; &nbsp; Fourniture des plans de paie et indemnit\u00e9s Calcul des rappels en automatique Gestion des ressources humaines (avancements d\u2019\u00e9chelons et de grades) Gestion des absences, cong\u00e9s annuels, cong\u00e9s de formation ou exceptionnels Formation professionnelle des agents Visites m\u00e9dicales Horaires des agents Historique du dossier (pour dossier de retraite) Simulation de paie DSN Messagerie [&hellip;]<\/p>\n","protected":false},"author":1,"featured_media":0,"parent":0,"menu_order":0,"comment_status":"closed","ping_status":"closed","template":"","meta":{"footnotes":""},"class_list":["post-131","page","type-page","status-publish","hentry"],"_links":{"self":[{"href":"https:\/\/nfi.fr\/New_NFI\/wp-json\/wp\/v2\/pages\/131","targetHints":{"allow":["GET"]}}],"collection":[{"href":"https:\/\/nfi.fr\/New_NFI\/wp-json\/wp\/v2\/pages"}],"about":[{"href":"https:\/\/nfi.fr\/New_NFI\/wp-json\/wp\/v2\/types\/page"}],"author":[{"embeddable":true,"href":"https:\/\/nfi.fr\/New_NFI\/wp-json\/wp\/v2\/users\/1"}],"replies":[{"embeddable":true,"href":"https:\/\/nfi.fr\/New_NFI\/wp-json\/wp\/v2\/comments?post=131"}],"version-history":[{"count":1,"href":"https:\/\/nfi.fr\/New_NFI\/wp-json\/wp\/v2\/pages\/131\/revisions"}],"predecessor-version":[{"id":132,"href":"https:\/\/nfi.fr\/New_NFI\/wp-json\/wp\/v2\/pages\/131\/revisions\/132"}],"wp:attachment":[{"href":"https:\/\/nfi.fr\/New_NFI\/wp-json\/wp\/v2\/media?parent=131"}],"curies":[{"name":"wp","href":"https:\/\/api.w.org\/{rel}","templated":true}]}}