{"id":110,"date":"2021-12-16T21:34:53","date_gmt":"2021-12-16T20:34:53","guid":{"rendered":"http:\/\/nfi.fr\/New_NFI\/?page_id=110"},"modified":"2021-12-16T21:34:53","modified_gmt":"2021-12-16T20:34:53","slug":"gestion-financiere-2","status":"publish","type":"page","link":"https:\/\/nfi.fr\/New_NFI\/gestion-financiere-2\/","title":{"rendered":"Gestion financi\u00e8re"},"content":{"rendered":"<div id=\"wppb-builder-container\" class=\"wppb-builder-container\">                <div  class=\"wppb-row-parent  wppb-row-1639686909396 \"  >\n\t\t\t\t\t\n\t\t\t\t\t\t\t\t\t\t\n\t\t\t\t\t\t\t\t\t\t\n\t\t\t\t\t<div class=\"wppb-container \">\n\t\t\t\t\t\t\t\t\t\t\t\t\t\n                        <div class=\"wppb-row\">\n\t\t\t\t\t\t\t                                    <div  class=\"wppb-column-parent wppb-column-parent-view wppb-col-1639686909395  \"  >\n                                        <div class=\"wppb-column\">\n\t\t\t\t\t\n\t\t\t\t\t\t\t\t\t\t\t\n                                            <div class=\"wppb-builder-addons\">\n\t\t\t\t\t\t\t\t\t\t\t\t<div class='wppb-builder-addon wppb-addon-1639687206760'  data-addon-id='1639687206760'><div class='wppb-addon'><div class=\"wppb-addon wppb-button-addon\"><div class=\"wppb-button-addon-content\"><a  href=\"http:\/\/nfi.fr\/New_NFI\/logiciels-2\/\" target=_self class=\"wppb-btn-addons  wppb-btn-success wppb-btn-rounded wppb-btn-large wppb-btn-no\">Retour<\/a><\/div><\/div><\/div><\/div>                                            <\/div>\n                                        <\/div>\n                                    <\/div>\n\t\t\t\t\t\t\t\t\t                        <\/div>\n\n                    <\/div>\n                <\/div>\n\t\t\t\t                <div  class=\"wppb-row-parent  wppb-row-1639687281633 \"  >\n\t\t\t\t\t\n\t\t\t\t\t\t\t\t\t\t\n\t\t\t\t\t\t\t\t\t\t\n\t\t\t\t\t<div class=\"wppb-container \">\n\t\t\t\t\t\t\t\t\t\t\t\t\t\n                        <div class=\"wppb-row\">\n\t\t\t\t\t\t\t                                    <div  class=\"wppb-column-parent wppb-column-parent-view wppb-col-1639687281631  \"  >\n                                        <div class=\"wppb-column\">\n\t\t\t\t\t\n\t\t\t\t\t\t\t\t\t\t\t\n                                            <div class=\"wppb-builder-addons\">\n\t\t\t\t\t\t\t\t\t\t\t\t<div class='wppb-builder-addon wppb-widget-1668526385728 wppb-addon-1668526385728'  data-addon-id='1668526385728'><div class='wppb-widget'>\t\t\t<div class=\"textwidget\"><p>&nbsp;<\/p>\n<p>&nbsp;<\/p>\n<\/div>\n\t\t<\/div><\/div><div class='wppb-builder-addon wppb-addon-1639687321019'  data-addon-id='1639687321019'><div class='wppb-addon'><div class=\"wppb-image-addon\"><figure class=\"wppb-image-addon-content-wrap\"><div class=\"wppb-image-addon-content wppb-imginlineblock\"><img decoding=\"async\" class=\"wppb-image-addon-img\" src=\"http:\/\/nfi.fr\/New_NFI\/wp-content\/uploads\/2021\/12\/Gestion-financiere-1.jpg\" alt=\"Image\"><\/div><\/figure><\/div><\/div><\/div>                                            <\/div>\n                                        <\/div>\n                                    <\/div>\n\t\t\t\t\t\t\t\t\t                                    <div  class=\"wppb-column-parent wppb-column-parent-view wppb-col-1639687281632  \"  >\n                                        <div class=\"wppb-column\">\n\t\t\t\t\t\n\t\t\t\t\t\t\t\t\t\t\t\n                                            <div class=\"wppb-builder-addons\">\n\t\t\t\t\t\t\t\t\t\t\t\t<div class='wppb-builder-addon wppb-widget-1639687339397 wppb-addon-1639687339397'  data-addon-id='1639687339397'><div class='wppb-widget'>\t\t\t<div class=\"textwidget\"><ul>\n<li>Comptabilit\u00e9 M14, M22, M49, M4x, M57<\/li>\n<li>Pr\u00e9paration et simulation budg\u00e9taires<\/li>\n<li>Gestion des inventaires<\/li>\n<li>Gestion de la dette et des I.C.N.E.<\/li>\n<li>Gestion des bons de commandes et engagements<\/li>\n<li>Edition des budgets et maquettes<\/li>\n<li>Gestion automatique des op\u00e9rations de fin d\u2019ann\u00e9e<\/li>\n<li>Traitement automatique des dotations et amortissements<\/li>\n<li>Gestion des march\u00e9s publics et de leurs avenants<\/li>\n<li>Gestion \u00e9lectronique compl\u00e8te des pi\u00e8ces jointes<\/li>\n<li>Typage automatique des flux pour conformit\u00e9 avec PES V2<\/li>\n<li>Exports Totem, transmission en tr\u00e9sorerie PES V2 (Pastell, Xfluco \u2026)<\/li>\n<li>Inclus gestion des ASAP pour centres \u00e9ditiques et Chorus<\/li>\n<li>Import des factures de Chorus<\/li>\n<li>Mandatement automatique des factures Chorus.<\/li>\n<li>Prise en compte des flux PES V2 Retour<\/li>\n<li>Analyse financi\u00e8re (structure et d\u00e9tail des comptes administratifs sur 5 ann\u00e9es)<\/li>\n<li>Prise en compte de l\u2019Annuaire Chorus<\/li>\n<\/ul>\n<\/div>\n\t\t<\/div><\/div>                                            <\/div>\n                                        <\/div>\n                                    <\/div>\n\t\t\t\t\t\t\t\t\t                        <\/div>\n\n                    <\/div>\n                <\/div>\n\t\t\t\t<\/div>","protected":false},"excerpt":{"rendered":"<p>Retour &nbsp; &nbsp; Comptabilit\u00e9 M14, M22, M49, M4x, M57 Pr\u00e9paration et simulation budg\u00e9taires Gestion des inventaires Gestion de la dette et des I.C.N.E. Gestion des bons de commandes et engagements Edition des budgets et maquettes Gestion automatique des op\u00e9rations de fin d\u2019ann\u00e9e Traitement automatique des dotations et amortissements Gestion des march\u00e9s publics et de leurs [&hellip;]<\/p>\n","protected":false},"author":1,"featured_media":0,"parent":0,"menu_order":0,"comment_status":"closed","ping_status":"closed","template":"","meta":{"footnotes":""},"class_list":["post-110","page","type-page","status-publish","hentry"],"_links":{"self":[{"href":"https:\/\/nfi.fr\/New_NFI\/wp-json\/wp\/v2\/pages\/110","targetHints":{"allow":["GET"]}}],"collection":[{"href":"https:\/\/nfi.fr\/New_NFI\/wp-json\/wp\/v2\/pages"}],"about":[{"href":"https:\/\/nfi.fr\/New_NFI\/wp-json\/wp\/v2\/types\/page"}],"author":[{"embeddable":true,"href":"https:\/\/nfi.fr\/New_NFI\/wp-json\/wp\/v2\/users\/1"}],"replies":[{"embeddable":true,"href":"https:\/\/nfi.fr\/New_NFI\/wp-json\/wp\/v2\/comments?post=110"}],"version-history":[{"count":1,"href":"https:\/\/nfi.fr\/New_NFI\/wp-json\/wp\/v2\/pages\/110\/revisions"}],"predecessor-version":[{"id":111,"href":"https:\/\/nfi.fr\/New_NFI\/wp-json\/wp\/v2\/pages\/110\/revisions\/111"}],"wp:attachment":[{"href":"https:\/\/nfi.fr\/New_NFI\/wp-json\/wp\/v2\/media?parent=110"}],"curies":[{"name":"wp","href":"https:\/\/api.w.org\/{rel}","templated":true}]}}